{"id":9455,"date":"2024-05-10T21:37:06","date_gmt":"2024-05-10T21:37:06","guid":{"rendered":"https:\/\/montemeao.pt\/?page_id=9455"},"modified":"2024-09-29T20:07:44","modified_gmt":"2024-09-29T20:07:44","slug":"politica-de-cookies","status":"publish","type":"page","link":"https:\/\/montemeao.pt\/pt-pt\/politica-de-cookies\/","title":{"rendered":"Pol\u00edtica de cookies"},"content":{"rendered":"\t\t<div data-elementor-type=\"wp-page\" data-elementor-id=\"9455\" class=\"elementor elementor-9455\">\n\t\t\t\t<div class=\"elementor-element elementor-element-ad4806e cookies-content e-flex e-con-boxed qodef-elementor-content-no e-con e-parent\" data-id=\"ad4806e\" data-element_type=\"container\" data-e-type=\"container\">\n\t\t\t\t\t<div class=\"e-con-inner\">\n\t\t\t\t<div class=\"elementor-element elementor-element-7ac0845 elementor-widget elementor-widget-heading\" data-id=\"7ac0845\" data-element_type=\"widget\" data-e-type=\"widget\" data-widget_type=\"heading.default\">\n\t\t\t\t<div class=\"elementor-widget-container\">\n\t\t\t\t\t<h1 class=\"elementor-heading-title elementor-size-default\">Pol\u00edtica de cookies<\/h1>\t\t\t\t<\/div>\n\t\t\t\t<\/div>\n\t\t\t\t<div class=\"elementor-element elementor-element-d087189 elementor-widget elementor-widget-text-editor\" data-id=\"d087189\" data-element_type=\"widget\" data-e-type=\"widget\" data-widget_type=\"text-editor.default\">\n\t\t\t\t<div class=\"elementor-widget-container\">\n\t\t\t\t\t\t\t\t\tPara o correto funcionamento do nosso website, \u00e9 necess\u00e1rio a utiliza\u00e7\u00e3o de um mecanismo designado \u201cCookies\u201d. Os cookies s\u00e3o pequenos ficheiros de texto que s\u00e3o guardados no seu computador e que nos permitem identific\u00e1-lo \u00e0 medida que vai navegando no nosso website, habilitando a utiliza\u00e7\u00e3o dos mecanismos de conta pessoal, carro de compras, pagamentos, etc.\n<h5>COMO \u00c9 QUE UTILIZAMOS OS COOKIES?<\/h5>\nUtilizamos cookies para v\u00e1rios fins, nomeadamente para assegurar o correcto funcionamento do nosso website, para reunir informa\u00e7\u00e3o estat\u00edstica sobre a sua utiliza\u00e7\u00e3o, para personaliza\u00e7\u00e3o do conte\u00fado do website de acordo com as suas prefer\u00eancias e para controlar o acesso \u00e0 sua conta pessoal.\n<h5>QUE TIPO DE COOKIES S\u00c3O UTILIZADOS?<\/h5>\nUtilizamos dois tipos de cookies:\n<ul>\n \t<li>Cookies de sess\u00e3o: s\u00e3o cookies tempor\u00e1rios que ficam ativos durante uma sess\u00e3o de utiliza\u00e7\u00e3o do nosso website. Uma sess\u00e3o de utiliza\u00e7\u00e3o consiste no per\u00edodo de tempo desde que inicia o seu navegador de acesso \u00e0 internet e acede ao nosso website at\u00e9 encerrar o navegador. Com este encerramento, todos os cookies de sess\u00e3o s\u00e3o apagados;<\/li>\n \t<li>Cookies persistentes: s\u00e3o cookies que ficam no seu computador durante o tempo definido no cookie. S\u00e3o ativados cada vez que visita o nosso website.<\/li>\n<\/ul>\n<h5>COM QUE FINALIDADE S\u00c3O UTILIZADOS OS COOKIES?<\/h5>\nOs cookies que utilizamos dividem-se nas seguintes finalidades:\n<ul>\n \t<li><b>Estritamente necess\u00e1rios:<\/b>\u00a0s\u00e3o cookies que possibilitam que o nosso website funcione corretamente, assegurando a sess\u00e3o do utilizador para motivos de valida\u00e7\u00e3o do utilizador e password, acesso \u00e0 \u00e1rea pessoal, funcionamento do carro de compras e fluxo de encomenda. Estes s\u00e3o cookies de sess\u00e3o, o que significa que s\u00e3o apagados com o encerramento do navegador, conforme explicado acima.<\/li>\n \t<li><b>Anal\u00edticos:<\/b>\u00a0cookies que nos permitem armazenar dados estat\u00edsticos da utiliza\u00e7\u00e3o do nosso website de forma a analisarmos o seu desempenho e estudar a introdu\u00e7\u00e3o de melhorias. Neste momento, com esta finalidade, apenas utilizamos o cookie UEAL, que tem um prazo de conserva\u00e7\u00e3o de 2 anos.<\/li>\n \t<li><b>Cookies de terceiros:<\/b>\u00a0como por exemplo os utilizados por redes sociais, redes publicit\u00e1rias ou servi\u00e7os externos que fornecem solu\u00e7\u00f5es de an\u00e1lise estat\u00edstica e de desempenho, nomeadamente o Google Analytics e o Intercom.<\/li>\n<\/ul>\n<h5>ANULA\u00c7\u00c3O OU ELIMINA\u00c7\u00c3O DE COOKIES<\/h5>\nPode a qualquer altura permitir, conhecer, bloquear ou eliminar total ou parcialmente os cookies instalados no seu equipamento, mediante a configura\u00e7\u00e3o das op\u00e7\u00f5es do navegador que utiliza. Tenha em aten\u00e7\u00e3o que a n\u00e3o utiliza\u00e7\u00e3o de cookies pode tornar algumas sec\u00e7\u00f5es do nosso website que se tornem imposs\u00edveis de utilizar.\n<ul>\n \t<li>Mais informa\u00e7\u00e3o sobre como bloquear ou limitar o uso dos cookies em\u00a0<a href=\"https:\/\/support.google.com\/chrome\/answer\/95647?hl=pt\">Google Chrome<\/a><\/li>\n \t<li>Mais informa\u00e7\u00e3o sobre como bloquear ou limitar o uso dos cookies em\u00a0<a href=\"http:\/\/support.mozilla.org\/pt-PT\/kb\/Cookies\">Firefox<\/a><\/li>\n \t<li>Mais informa\u00e7\u00e3o sobre como bloquear ou limitar o uso dos cookies em\u00a0<a href=\"http:\/\/windows.microsoft.com\/pt-pt\/internet-explorer\/delete-manage-cookies#ie=ie-10\">Internet Explorer<\/a><\/li>\n \t<li>Mais informa\u00e7\u00e3o sobre como bloquear ou limitar o uso dos cookies em\u00a0<a href=\"http:\/\/support.apple.com\/kb\/ph5042\">Safari<\/a><\/li>\n<\/ul>\n<h4>Lista de cookies<\/h4>\nUm cookie \u00e9 um pequeno peda\u00e7o de dados (ficheiro de texto) que um site \u2013 quando visitado por um utilizador \u2013 pede ao seu navegador para armazenar no seu dispositivo, a fim de lembrar informa\u00e7\u00f5es sobre si, tais como a sua prefer\u00eancia de idioma ou informa\u00e7\u00f5es de login. Esses cookies s\u00e3o definidos por n\u00f3s e s\u00e3o chamados de cookies prim\u00e1rios. Tamb\u00e9m usamos cookies de terceiros \u2013 que s\u00e3o cookies de um dom\u00ednio diferente do dom\u00ednio do site que est\u00e1 a visitar \u2013 para as nossas iniciativas de publicidade e marketing. Mais especificamente, utilizamos cookies e outras tecnologias de localiza\u00e7\u00e3o para os seguintes fins:\n<h5>Cookies estritamente necess\u00e1rios<\/h5>\nEstes cookies s\u00e3o necess\u00e1rios para que o website funcione e n\u00e3o podem ser desligados nos nossos sistemas. Normalmente, eles s\u00f3 s\u00e3o configurados em resposta a a\u00e7\u00f5es levadas a cabo por si e que correspondem a uma solicita\u00e7\u00e3o de servi\u00e7os, tais como definir as suas prefer\u00eancias de privacidade, iniciar sess\u00e3o ou preencher formul\u00e1rios. Pode configurar o seu navegador para bloquear ou alert\u00e1-lo(a) sobre esses cookies, mas algumas partes do website n\u00e3o funcionar\u00e3o. Estes cookies n\u00e3o armazenam qualquer informa\u00e7\u00e3o pessoal identific\u00e1vel.\n<h5>Cookies de desempenho<\/h5>\nEstes cookies permitem-nos contar visitas e fontes de tr\u00e1fego, para que possamos medir e melhorar o desempenho do nosso website. Eles ajudam-nos a saber quais s\u00e3o as p\u00e1ginas mais e menos populares e a ver como os visitantes se movimentam pelo website. Todas as informa\u00e7\u00f5es recolhidas por estes cookies s\u00e3o agregadas e, por conseguinte, an\u00f3nimas. Se n\u00e3o permitir estes cookies, n\u00e3o saberemos quando visitou o nosso site.\n<h5>Cookies de funcionalidade<\/h5>\nEstes cookies permitem que o site forne\u00e7a uma funcionalidade e personaliza\u00e7\u00e3o melhoradas. Podem ser estabelecidos por n\u00f3s ou por fornecedores externos cujos servi\u00e7os adicion\u00e1mos \u00e0s nossas p\u00e1ginas. Se n\u00e3o permitir estes cookies algumas destas funcionalidades, ou mesmo todas, podem n\u00e3o atuar corretamente.\n<h5>Cookies de publicidade<\/h5>\nEstes cookies podem ser estabelecidos atrav\u00e9s do nosso site pelos nossos parceiros de publicidade. Podem ser usados por essas empresas para construir um perfil sobre os seus interesses e mostrar-lhe an\u00fancios relevantes em outros websites. Eles n\u00e3o armazenam diretamente informa\u00e7\u00f5es pessoais, mas s\u00e3o baseados na identifica\u00e7\u00e3o exclusiva do seu navegador e dispositivo de internet. Se n\u00e3o permitir estes cookies, ter\u00e1 menos publicidade direcionada.\n<h4>Liga\u00e7\u00f5es a sites de terceiros<\/h4>\nO\u00a0site\u00a0<span style=\"color: #0065a5;\"><a style=\"color: #0065a5;\" href=\"https:\/\/montemeao.pt\/\">https:\/\/montemeao.pt<\/a><\/span>\u00a0poder\u00e1 conter liga\u00e7\u00f5es para outros sites, os quais podem conter informa\u00e7\u00f5es \/ ferramentas \u00fateis para os nossos visitantes. A nossa pol\u00edtica de privacidade n\u00e3o \u00e9 aplicada a sites de terceiros, pelo que, caso visite outro site a partir do nosso dever\u00e1 ler a pol\u00edtica de privacidade do mesmo. N\u00e3o nos responsabilizamos pela pol\u00edtica de privacidade ou conte\u00fado presente nesses mesmos sites.\t\t\t\t\t\t\t\t<\/div>\n\t\t\t\t<\/div>\n\t\t\t\t\t<\/div>\n\t\t\t\t<\/div>\n\t\t\t\t<\/div>\n\t\t","protected":false},"excerpt":{"rendered":"<p>Pol\u00edtica de cookies Para o correto funcionamento do nosso website, \u00e9 necess\u00e1rio a utiliza\u00e7\u00e3o de um mecanismo designado \u201cCookies\u201d. Os cookies s\u00e3o pequenos ficheiros de texto que s\u00e3o guardados no seu computador e que nos permitem identific\u00e1-lo \u00e0 medida que vai navegando no nosso website, habilitando a utiliza\u00e7\u00e3o dos mecanismos de conta pessoal, carro de [&hellip;]<\/p>\n","protected":false},"author":2,"featured_media":0,"parent":0,"menu_order":0,"comment_status":"closed","ping_status":"closed","template":"","meta":{"footnotes":""},"class_list":["post-9455","page","type-page","status-publish","hentry"],"aioseo_notices":[],"_links":{"self":[{"href":"https:\/\/montemeao.pt\/pt-pt\/wp-json\/wp\/v2\/pages\/9455","targetHints":{"allow":["GET"]}}],"collection":[{"href":"https:\/\/montemeao.pt\/pt-pt\/wp-json\/wp\/v2\/pages"}],"about":[{"href":"https:\/\/montemeao.pt\/pt-pt\/wp-json\/wp\/v2\/types\/page"}],"author":[{"embeddable":true,"href":"https:\/\/montemeao.pt\/pt-pt\/wp-json\/wp\/v2\/users\/2"}],"replies":[{"embeddable":true,"href":"https:\/\/montemeao.pt\/pt-pt\/wp-json\/wp\/v2\/comments?post=9455"}],"version-history":[{"count":3,"href":"https:\/\/montemeao.pt\/pt-pt\/wp-json\/wp\/v2\/pages\/9455\/revisions"}],"predecessor-version":[{"id":17222,"href":"https:\/\/montemeao.pt\/pt-pt\/wp-json\/wp\/v2\/pages\/9455\/revisions\/17222"}],"wp:attachment":[{"href":"https:\/\/montemeao.pt\/pt-pt\/wp-json\/wp\/v2\/media?parent=9455"}],"curies":[{"name":"wp","href":"https:\/\/api.w.org\/{rel}","templated":true}]}}