{"id":8368,"date":"2024-04-27T14:53:48","date_gmt":"2024-04-27T14:53:48","guid":{"rendered":"https:\/\/montemeao.pt\/?page_id=8368"},"modified":"2024-11-01T10:25:33","modified_gmt":"2024-11-01T10:25:33","slug":"regional","status":"publish","type":"page","link":"https:\/\/montemeao.pt\/pt-pt\/produtos\/regional\/","title":{"rendered":"Regional"},"content":{"rendered":"\t\t<div data-elementor-type=\"wp-page\" data-elementor-id=\"8368\" class=\"elementor elementor-8368\">\n\t\t\t\t<div class=\"elementor-element elementor-element-3c76a4c e-flex e-con-boxed qodef-elementor-content-no e-con e-parent\" data-id=\"3c76a4c\" data-element_type=\"container\" data-e-type=\"container\">\n\t\t\t\t\t<div class=\"e-con-inner\">\n\t\t\t\t<div class=\"elementor-element elementor-element-f2b8658 elementor-invisible elementor-widget elementor-widget-manufaktursolutions_core_portfolio_list\" data-id=\"f2b8658\" data-element_type=\"widget\" data-e-type=\"widget\" data-settings=\"{&quot;_animation&quot;:&quot;fadeIn&quot;}\" data-widget_type=\"manufaktursolutions_core_portfolio_list.default\">\n\t\t\t\t<div class=\"elementor-widget-container\">\n\t\t\t\t\t<div class=\"qodef-shortcode qodef-m qodef-portfolio-list qodef-item-layout--info-below qodef-image-hover-animation--no qodef-grid qodef-layout--columns qodef-gutter--huge qodef-col-num--3 qodef-item-layout--info-below qodef-filter--on qodef-pagination--on qodef-pagination-type--infinite-scroll qodef-responsive--custom qodef-col-num--1440--3 qodef-col-num--1366--3 qodef-col-num--1024--3 qodef-col-num--768--2 qodef-col-num--680--1 qodef-col-num--480--1 qodef-swiper--show-pagination\" data-options=\"{&quot;plugin&quot;:&quot;manufaktursolutions_core&quot;,&quot;module&quot;:&quot;post-types\\\/portfolio\\\/shortcodes&quot;,&quot;shortcode&quot;:&quot;portfolio-list&quot;,&quot;post_type&quot;:&quot;portfolio-item&quot;,&quot;next_page&quot;:&quot;2&quot;,&quot;max_pages_num&quot;:1,&quot;behavior&quot;:&quot;columns&quot;,&quot;images_proportion&quot;:&quot;full&quot;,&quot;columns&quot;:&quot;3&quot;,&quot;columns_responsive&quot;:&quot;custom&quot;,&quot;columns_1440&quot;:&quot;3&quot;,&quot;columns_1366&quot;:&quot;3&quot;,&quot;columns_1024&quot;:&quot;3&quot;,&quot;columns_768&quot;:&quot;2&quot;,&quot;columns_680&quot;:&quot;1&quot;,&quot;columns_480&quot;:&quot;1&quot;,&quot;space&quot;:&quot;huge&quot;,&quot;posts_per_page&quot;:&quot;9&quot;,&quot;orderby&quot;:&quot;date&quot;,&quot;order&quot;:&quot;ASC&quot;,&quot;additional_params&quot;:&quot;tax&quot;,&quot;tax&quot;:&quot;portfolio-category&quot;,&quot;tax_slug&quot;:&quot;regional&quot;,&quot;layout&quot;:&quot;info-below&quot;,&quot;hover_animation_info-follow&quot;:&quot;follow&quot;,&quot;hover_animation_info-on-hover&quot;:&quot;fade-in&quot;,&quot;title_tag&quot;:&quot;h5&quot;,&quot;custom_margin&quot;:&quot;no&quot;,&quot;image_hover_animation&quot;:&quot;no&quot;,&quot;appear&quot;:&quot;no&quot;,&quot;enable_filter&quot;:&quot;yes&quot;,&quot;pagination_type&quot;:&quot;infinite-scroll&quot;,&quot;object_class_name&quot;:&quot;ManufakturSolutionsCore_Portfolio_List_Shortcode&quot;,&quot;taxonomy_filter&quot;:&quot;portfolio-category&quot;,&quot;additional_query_args&quot;:{&quot;tax_query&quot;:[{&quot;taxonomy&quot;:&quot;portfolio-category&quot;,&quot;field&quot;:&quot;slug&quot;,&quot;terms&quot;:&quot;regional&quot;}]},&quot;space_value&quot;:40}\">\n\t\t<div class=\"qodef-m-filter\">\n\t\t\t\t\t<div class=\"qodef-m-filter-items\">\n\t\t\t\t<a class=\"qodef-m-filter-item qodef--active\" href=\"#\" data-taxonomy=\"portfolio-category\" data-filter=\"*\">\n\t\t\t\t\t<span class=\"qodef-m-filter-item-name\">Todos<\/span>\n\t\t\t\t<\/a>\n\t\t\t\t                    <span class=\"qodef-info-separator-single\"><\/span>\n\t\t\t\t\t<a class=\"qodef-m-filter-item\" href=\"#\" data-taxonomy=\"portfolio-category\" data-filter=\"novos-desenvolvimentos-regional\">\n\t\t\t\t\t\t<span class=\"qodef-m-filter-item-name\">Novos Desenvolvimentos<\/span>\n\t\t\t\t\t<\/a>\n\n\t\t\t\t                    <span class=\"qodef-info-separator-single\"><\/span>\n\t\t\t\t\t<a class=\"qodef-m-filter-item\" href=\"#\" data-taxonomy=\"portfolio-category\" data-filter=\"projetos-de-renovacao-regional\">\n\t\t\t\t\t\t<span class=\"qodef-m-filter-item-name\">Projetos de Renova\u00e7\u00e3o<\/span>\n\t\t\t\t\t<\/a>\n\n\t\t\t\t\t\t\t<\/div>\n\t\t\t<\/div>\n\t\t<div class=\"qodef-grid-inner clear\">\n\t\t<article class=\"qodef-e qodef-grid-item qodef-item--full post-15488 portfolio-item type-portfolio-item status-publish has-post-thumbnail hentry portfolio-category-novos-desenvolvimentos-regional portfolio-category-regional\">\n    <div class=\"qodef-e-inner\" >\n        <div class=\"qodef-e-image\">\n            \t<div class=\"qodef-e-media-image\">\n\t\t<a itemprop=\"url\" href=\"https:\/\/montemeao.pt\/pt-pt\/produto\/br-612-neitech\/\" target=\"_self\">\n\t\t\t<img fetchpriority=\"high\" decoding=\"async\" width=\"600\" height=\"415\" src=\"https:\/\/montemeao.pt\/wp-content\/uploads\/2024\/09\/BR-612-1.webp\" class=\"attachment-full size-full wp-post-image\" alt=\"BR-612 Neitech\" srcset=\"https:\/\/montemeao.pt\/wp-content\/uploads\/2024\/09\/BR-612-1.webp 600w, https:\/\/montemeao.pt\/wp-content\/uploads\/2024\/09\/BR-612-1-300x208.webp 300w, https:\/\/montemeao.pt\/wp-content\/uploads\/2024\/09\/BR-612-1-145x100.webp 145w\" sizes=\"(max-width: 600px) 100vw, 600px\" \/>\t\t\t\t\t<\/a>\n\t<\/div>\n        <\/div>\n        <div class=\"qodef-e-content\" >\n            <div class=\"qodef-e-text\">\n                <h5 itemprop=\"name\" class=\"qodef-e-title entry-title\" >\n\t<a itemprop=\"url\" class=\"qodef-e-title-link\" href=\"https:\/\/montemeao.pt\/pt-pt\/produto\/br-612-neitech\/\" target=\"_self\">\n\t\tBR 612 Neitech\t<\/a>\n<\/h5>\n            <\/div>\n            <div class=\"qodef-e-top-holder\">\n                <div class=\"qodef-e-info\">\n                    \t<a href=\"https:\/\/montemeao.pt\/pt-pt\/categoria-produto\/novos-desenvolvimentos-regional\/\" rel=\"tag\">Novos Desenvolvimentos<\/a><span class=\"qodef-info-separator-single\"><\/span><a href=\"https:\/\/montemeao.pt\/pt-pt\/categoria-produto\/regional\/\" rel=\"tag\">Regional<\/a>\t<div class=\"qodef-info-separator-end\"><\/div>\n                <\/div>\n            <\/div>\n        <\/div>\n    <\/div>\n<\/article>\n<article class=\"qodef-e qodef-grid-item qodef-item--full post-16379 portfolio-item type-portfolio-item status-publish has-post-thumbnail hentry portfolio-category-projetos-de-renovacao-regional portfolio-category-regional\">\n    <div class=\"qodef-e-inner\" >\n        <div class=\"qodef-e-image\">\n            \t<div class=\"qodef-e-media-image\">\n\t\t<a itemprop=\"url\" href=\"https:\/\/montemeao.pt\/pt-pt\/produto\/et440\/\" target=\"_self\">\n\t\t\t<img decoding=\"async\" width=\"600\" height=\"415\" src=\"https:\/\/montemeao.pt\/wp-content\/uploads\/2024\/09\/ET440-1.png\" class=\"attachment-full size-full wp-post-image\" alt=\"ET440\" srcset=\"https:\/\/montemeao.pt\/wp-content\/uploads\/2024\/09\/ET440-1.png 600w, https:\/\/montemeao.pt\/wp-content\/uploads\/2024\/09\/ET440-1-300x208.png 300w, https:\/\/montemeao.pt\/wp-content\/uploads\/2024\/09\/ET440-1-145x100.png 145w\" sizes=\"(max-width: 600px) 100vw, 600px\" \/>\t\t\t\t\t<\/a>\n\t<\/div>\n        <\/div>\n        <div class=\"qodef-e-content\" >\n            <div class=\"qodef-e-text\">\n                <h5 itemprop=\"name\" class=\"qodef-e-title entry-title\" >\n\t<a itemprop=\"url\" class=\"qodef-e-title-link\" href=\"https:\/\/montemeao.pt\/pt-pt\/produto\/et440\/\" target=\"_self\">\n\t\tET440\t<\/a>\n<\/h5>\n            <\/div>\n            <div class=\"qodef-e-top-holder\">\n                <div class=\"qodef-e-info\">\n                    \t<a href=\"https:\/\/montemeao.pt\/pt-pt\/categoria-produto\/projetos-de-renovacao-regional\/\" rel=\"tag\">Projetos de Renova\u00e7\u00e3o<\/a><span class=\"qodef-info-separator-single\"><\/span><a href=\"https:\/\/montemeao.pt\/pt-pt\/categoria-produto\/regional\/\" rel=\"tag\">Regional<\/a>\t<div class=\"qodef-info-separator-end\"><\/div>\n                <\/div>\n            <\/div>\n        <\/div>\n    <\/div>\n<\/article>\n<article class=\"qodef-e qodef-grid-item qodef-item--full post-17430 portfolio-item type-portfolio-item status-publish has-post-thumbnail hentry portfolio-category-projetos-de-renovacao-regional portfolio-category-regional\">\n    <div class=\"qodef-e-inner\" >\n        <div class=\"qodef-e-image\">\n            \t<div class=\"qodef-e-media-image\">\n\t\t<a itemprop=\"url\" href=\"https:\/\/montemeao.pt\/pt-pt\/produto\/et-425\/\" target=\"_self\">\n\t\t\t<img decoding=\"async\" width=\"600\" height=\"415\" src=\"https:\/\/montemeao.pt\/wp-content\/uploads\/2024\/11\/ET-1.webp\" class=\"attachment-full size-full wp-post-image\" alt=\"ET-425\" srcset=\"https:\/\/montemeao.pt\/wp-content\/uploads\/2024\/11\/ET-1.webp 600w, https:\/\/montemeao.pt\/wp-content\/uploads\/2024\/11\/ET-1-300x208.webp 300w, https:\/\/montemeao.pt\/wp-content\/uploads\/2024\/11\/ET-1-145x100.webp 145w\" sizes=\"(max-width: 600px) 100vw, 600px\" \/>\t\t\t\t\t<\/a>\n\t<\/div>\n        <\/div>\n        <div class=\"qodef-e-content\" >\n            <div class=\"qodef-e-text\">\n                <h5 itemprop=\"name\" class=\"qodef-e-title entry-title\" >\n\t<a itemprop=\"url\" class=\"qodef-e-title-link\" href=\"https:\/\/montemeao.pt\/pt-pt\/produto\/et-425\/\" target=\"_self\">\n\t\tET-425\t<\/a>\n<\/h5>\n            <\/div>\n            <div class=\"qodef-e-top-holder\">\n                <div class=\"qodef-e-info\">\n                    \t<a href=\"https:\/\/montemeao.pt\/pt-pt\/categoria-produto\/projetos-de-renovacao-regional\/\" rel=\"tag\">Projetos de Renova\u00e7\u00e3o<\/a><span class=\"qodef-info-separator-single\"><\/span><a href=\"https:\/\/montemeao.pt\/pt-pt\/categoria-produto\/regional\/\" rel=\"tag\">Regional<\/a>\t<div class=\"qodef-info-separator-end\"><\/div>\n                <\/div>\n            <\/div>\n        <\/div>\n    <\/div>\n<\/article>\n\t<\/div>\n\t<\/div>\n\t\t\t\t<\/div>\n\t\t\t\t<\/div>\n\t\t\t\t\t<\/div>\n\t\t\t\t<\/div>\n\t\t\t\t<\/div>\n\t\t","protected":false},"excerpt":{"rendered":"<p>All Novos Desenvolvimentos Projetos de Renova\u00e7\u00e3o BR 612 Neitech Novos DesenvolvimentosRegional ET440 Projetos de Renova\u00e7\u00e3oRegional<\/p>\n","protected":false},"author":2,"featured_media":0,"parent":3544,"menu_order":0,"comment_status":"closed","ping_status":"closed","template":"","meta":{"footnotes":""},"class_list":["post-8368","page","type-page","status-publish","hentry"],"aioseo_notices":[],"_links":{"self":[{"href":"https:\/\/montemeao.pt\/pt-pt\/wp-json\/wp\/v2\/pages\/8368","targetHints":{"allow":["GET"]}}],"collection":[{"href":"https:\/\/montemeao.pt\/pt-pt\/wp-json\/wp\/v2\/pages"}],"about":[{"href":"https:\/\/montemeao.pt\/pt-pt\/wp-json\/wp\/v2\/types\/page"}],"author":[{"embeddable":true,"href":"https:\/\/montemeao.pt\/pt-pt\/wp-json\/wp\/v2\/users\/2"}],"replies":[{"embeddable":true,"href":"https:\/\/montemeao.pt\/pt-pt\/wp-json\/wp\/v2\/comments?post=8368"}],"version-history":[{"count":3,"href":"https:\/\/montemeao.pt\/pt-pt\/wp-json\/wp\/v2\/pages\/8368\/revisions"}],"predecessor-version":[{"id":17198,"href":"https:\/\/montemeao.pt\/pt-pt\/wp-json\/wp\/v2\/pages\/8368\/revisions\/17198"}],"up":[{"embeddable":true,"href":"https:\/\/montemeao.pt\/pt-pt\/wp-json\/wp\/v2\/pages\/3544"}],"wp:attachment":[{"href":"https:\/\/montemeao.pt\/pt-pt\/wp-json\/wp\/v2\/media?parent=8368"}],"curies":[{"name":"wp","href":"https:\/\/api.w.org\/{rel}","templated":true}]}}