{"id":785,"date":"2022-10-11T08:31:22","date_gmt":"2022-10-11T08:31:22","guid":{"rendered":"https:\/\/manufaktursolutions.qodeinteractive.com\/?page_id=785"},"modified":"2024-09-19T20:14:24","modified_gmt":"2024-09-19T20:14:24","slug":"noticias","status":"publish","type":"page","link":"https:\/\/montemeao.pt\/pt-pt\/noticias\/","title":{"rendered":"Not\u00edcias"},"content":{"rendered":"\t\t<div data-elementor-type=\"wp-page\" data-elementor-id=\"785\" class=\"elementor elementor-785\">\n\t\t\t\t<div class=\"elementor-element elementor-element-46eb12a e-con-full e-flex qodef-elementor-content-no e-con e-parent\" data-id=\"46eb12a\" data-element_type=\"container\" data-e-type=\"container\">\n\t\t<div class=\"elementor-element elementor-element-d73b629 e-con-full e-flex qodef-elementor-content-no e-con e-child\" data-id=\"d73b629\" data-element_type=\"container\" data-e-type=\"container\">\n\t\t\t\t<div class=\"elementor-element elementor-element-d3a10ac elementor-widget elementor-widget-qi_addons_for_elementor_blog_list\" data-id=\"d3a10ac\" data-element_type=\"widget\" data-e-type=\"widget\" data-widget_type=\"qi_addons_for_elementor_blog_list.default\">\n\t\t\t\t<div class=\"elementor-widget-container\">\n\t\t\t\t\t<div class=\"qodef-shortcode qodef-m qodef-addons-blog-list qodef-info-no-icons qodef-image--hover-zoom qodef-qi-grid qodef-layout--qi-columns qodef-col-num--3 qodef-item-layout--date-boxed qodef-responsive--predefined\" >\n\t<div class=\"qodef-grid-inner\">\n\t\t<article class=\"qodef-e qodef-blog-item qodef-grid-item qodef-item--full post-17858 post type-post status-publish format-standard has-post-thumbnail hentry category-cultura\">\n\t<div class=\"qodef-e-inner\">\n\t\t<div class=\"qodef-e-media-holder\">\n\t\t\t<div class=\"qodef-e-media\">\n\t\t<div class=\"qodef-e-media-image\">\n\t\t<a itemprop=\"url\" href=\"https:\/\/montemeao.pt\/pt-pt\/a-qualidade-no-coracao-da-monte-meao\/\">\n\t\t\t<img fetchpriority=\"high\" decoding=\"async\" width=\"600\" height=\"415\" src=\"https:\/\/montemeao.pt\/wp-content\/uploads\/2024\/12\/destaque.webp\" class=\"attachment-full size-full\" alt=\"Quality\" srcset=\"https:\/\/montemeao.pt\/wp-content\/uploads\/2024\/12\/destaque.webp 600w, https:\/\/montemeao.pt\/wp-content\/uploads\/2024\/12\/destaque-300x208.webp 300w, https:\/\/montemeao.pt\/wp-content\/uploads\/2024\/12\/destaque-145x100.webp 145w\" sizes=\"(max-width: 600px) 100vw, 600px\" \/>\t\t<\/a>\n\t\t\t<\/div>\n<\/div>\n<div itemprop=\"dateCreated\" class=\"qodef-e-info-item qodef-e-info-date entry-date \">\n\t<a itemprop=\"url\" href=\"https:\/\/montemeao.pt\/pt-pt\/2024\/12\/\">\n\t\t8 Dez\t<\/a>\n<\/div>\n\t\t<\/div>\n\t\t<div class=\"qodef-e-content\">\n\t\t\t\t\t\t\t<div class=\"qodef-e-info qodef-info--top\">\n\t\t\t\t\t<div class=\"qodef-e-info-item qodef-e-info-category\">\n\t\t<a href=\"https:\/\/montemeao.pt\/pt-pt\/categoria\/cultura\/\" rel=\"category tag\">Cultura<\/a><\/div>\n\t\t\t\t<\/div>\n\t\t\t\t\t\t<div class=\"qodef-e-text\">\n\t\t\t\t<h5 itemprop=\"name\" class=\"qodef-e-title entry-title\">\n\t<a itemprop=\"url\" class=\"qodef-e-title-link\" href=\"https:\/\/montemeao.pt\/pt-pt\/a-qualidade-no-coracao-da-monte-meao\/\">\n\t\tA Qualidade no cora\u00e7\u00e3o da Monte Me\u00e3o\t<\/a>\n<\/h5>\n\t\t<p itemprop=\"description\" class=\"qodef-e-excerpt\">\n\t\t\tO Dia Mundial da Qualidade, celebrado na semana passada, foi\t\t<\/p>\n\t\t\t\t<\/div>\n\t\t\t\t\t<\/div>\n\t<\/div>\n<\/article>\n<article class=\"qodef-e qodef-blog-item qodef-grid-item qodef-item--full post-17543 post type-post status-publish format-standard has-post-thumbnail hentry category-sustentabilidade\">\n\t<div class=\"qodef-e-inner\">\n\t\t<div class=\"qodef-e-media-holder\">\n\t\t\t<div class=\"qodef-e-media\">\n\t\t<div class=\"qodef-e-media-image\">\n\t\t<a itemprop=\"url\" href=\"https:\/\/montemeao.pt\/pt-pt\/a-espera-acabou-a-nossa-solucao-inovadora-esta-aqui\/\">\n\t\t\t<img decoding=\"async\" width=\"600\" height=\"415\" src=\"https:\/\/montemeao.pt\/wp-content\/uploads\/2024\/11\/imagem-destaque-2.webp\" class=\"attachment-full size-full\" alt=\"The Wait is Over!\nOur Groundbreaking Solution is Here\" srcset=\"https:\/\/montemeao.pt\/wp-content\/uploads\/2024\/11\/imagem-destaque-2.webp 600w, https:\/\/montemeao.pt\/wp-content\/uploads\/2024\/11\/imagem-destaque-2-300x208.webp 300w, https:\/\/montemeao.pt\/wp-content\/uploads\/2024\/11\/imagem-destaque-2-145x100.webp 145w\" sizes=\"(max-width: 600px) 100vw, 600px\" \/>\t\t<\/a>\n\t\t\t<\/div>\n<\/div>\n<div itemprop=\"dateCreated\" class=\"qodef-e-info-item qodef-e-info-date entry-date \">\n\t<a itemprop=\"url\" href=\"https:\/\/montemeao.pt\/pt-pt\/2024\/11\/\">\n\t\t5 Nov\t<\/a>\n<\/div>\n\t\t<\/div>\n\t\t<div class=\"qodef-e-content\">\n\t\t\t\t\t\t\t<div class=\"qodef-e-info qodef-info--top\">\n\t\t\t\t\t<div class=\"qodef-e-info-item qodef-e-info-category\">\n\t\t<a href=\"https:\/\/montemeao.pt\/pt-pt\/categoria\/sustentabilidade\/\" rel=\"category tag\">Sustentabilidade<\/a><\/div>\n\t\t\t\t<\/div>\n\t\t\t\t\t\t<div class=\"qodef-e-text\">\n\t\t\t\t<h5 itemprop=\"name\" class=\"qodef-e-title entry-title\">\n\t<a itemprop=\"url\" class=\"qodef-e-title-link\" href=\"https:\/\/montemeao.pt\/pt-pt\/a-espera-acabou-a-nossa-solucao-inovadora-esta-aqui\/\">\n\t\tA espera acabou!<br>A nossa solu\u00e7\u00e3o inovadora est\u00e1 aqui.\t<\/a>\n<\/h5>\n\t\t<p itemprop=\"description\" class=\"qodef-e-excerpt\">\n\t\t\tAp\u00f3s semanas de antecipa\u00e7\u00e3o e revela\u00e7\u00f5es\t\t<\/p>\n\t\t\t\t<\/div>\n\t\t\t\t\t<\/div>\n\t<\/div>\n<\/article>\n<article class=\"qodef-e qodef-blog-item qodef-grid-item qodef-item--full post-17545 post type-post status-publish format-standard has-post-thumbnail hentry category-ferrovia\">\n\t<div class=\"qodef-e-inner\">\n\t\t<div class=\"qodef-e-media-holder\">\n\t\t\t<div class=\"qodef-e-media\">\n\t\t<div class=\"qodef-e-media-image\">\n\t\t<a itemprop=\"url\" href=\"https:\/\/montemeao.pt\/pt-pt\/desafiamos-o-status-quo-a-cada-quilometro-que-percorremos\/\">\n\t\t\t<img decoding=\"async\" width=\"600\" height=\"415\" src=\"https:\/\/montemeao.pt\/wp-content\/uploads\/2024\/11\/destaque.webp\" class=\"attachment-full size-full\" alt=\"We challenge the status quo with every kilometer we travel.\" srcset=\"https:\/\/montemeao.pt\/wp-content\/uploads\/2024\/11\/destaque.webp 600w, https:\/\/montemeao.pt\/wp-content\/uploads\/2024\/11\/destaque-300x208.webp 300w, https:\/\/montemeao.pt\/wp-content\/uploads\/2024\/11\/destaque-145x100.webp 145w\" sizes=\"(max-width: 600px) 100vw, 600px\" \/>\t\t<\/a>\n\t\t\t<\/div>\n<\/div>\n<div itemprop=\"dateCreated\" class=\"qodef-e-info-item qodef-e-info-date entry-date \">\n\t<a itemprop=\"url\" href=\"https:\/\/montemeao.pt\/pt-pt\/2024\/11\/\">\n\t\t1 Nov\t<\/a>\n<\/div>\n\t\t<\/div>\n\t\t<div class=\"qodef-e-content\">\n\t\t\t\t\t\t\t<div class=\"qodef-e-info qodef-info--top\">\n\t\t\t\t\t<div class=\"qodef-e-info-item qodef-e-info-category\">\n\t\t<a href=\"https:\/\/montemeao.pt\/pt-pt\/categoria\/ferrovia\/\" rel=\"category tag\">Ferrovia<\/a><\/div>\n\t\t\t\t<\/div>\n\t\t\t\t\t\t<div class=\"qodef-e-text\">\n\t\t\t\t<h5 itemprop=\"name\" class=\"qodef-e-title entry-title\">\n\t<a itemprop=\"url\" class=\"qodef-e-title-link\" href=\"https:\/\/montemeao.pt\/pt-pt\/desafiamos-o-status-quo-a-cada-quilometro-que-percorremos\/\">\n\t\tDesafiamos o status quo a cada quil\u00f3metro que percorremos.\t<\/a>\n<\/h5>\n\t\t<p itemprop=\"description\" class=\"qodef-e-excerpt\">\n\t\t\tAo desenvolver produtos que moldam o futuro\t\t<\/p>\n\t\t\t\t<\/div>\n\t\t\t\t\t<\/div>\n\t<\/div>\n<\/article>\n<article class=\"qodef-e qodef-blog-item qodef-grid-item qodef-item--full post-17317 post type-post status-publish format-standard has-post-thumbnail hentry category-sustentabilidade\">\n\t<div class=\"qodef-e-inner\">\n\t\t<div class=\"qodef-e-media-holder\">\n\t\t\t<div class=\"qodef-e-media\">\n\t\t<div class=\"qodef-e-media-image\">\n\t\t<a itemprop=\"url\" href=\"https:\/\/montemeao.pt\/pt-pt\/porque-a-cortica\/\">\n\t\t\t<img loading=\"lazy\" decoding=\"async\" width=\"600\" height=\"415\" src=\"https:\/\/montemeao.pt\/wp-content\/uploads\/2024\/10\/imagem-destaque-noticias.webp\" class=\"attachment-full size-full\" alt=\"why cork\" srcset=\"https:\/\/montemeao.pt\/wp-content\/uploads\/2024\/10\/imagem-destaque-noticias.webp 600w, https:\/\/montemeao.pt\/wp-content\/uploads\/2024\/10\/imagem-destaque-noticias-300x208.webp 300w, https:\/\/montemeao.pt\/wp-content\/uploads\/2024\/10\/imagem-destaque-noticias-145x100.webp 145w\" sizes=\"(max-width: 600px) 100vw, 600px\" \/>\t\t<\/a>\n\t\t\t<\/div>\n<\/div>\n<div itemprop=\"dateCreated\" class=\"qodef-e-info-item qodef-e-info-date entry-date \">\n\t<a itemprop=\"url\" href=\"https:\/\/montemeao.pt\/pt-pt\/2024\/10\/\">\n\t\t8 Out\t<\/a>\n<\/div>\n\t\t<\/div>\n\t\t<div class=\"qodef-e-content\">\n\t\t\t\t\t\t\t<div class=\"qodef-e-info qodef-info--top\">\n\t\t\t\t\t<div class=\"qodef-e-info-item qodef-e-info-category\">\n\t\t<a href=\"https:\/\/montemeao.pt\/pt-pt\/categoria\/sustentabilidade\/\" rel=\"category tag\">Sustentabilidade<\/a><\/div>\n\t\t\t\t<\/div>\n\t\t\t\t\t\t<div class=\"qodef-e-text\">\n\t\t\t\t<h5 itemprop=\"name\" class=\"qodef-e-title entry-title\">\n\t<a itemprop=\"url\" class=\"qodef-e-title-link\" href=\"https:\/\/montemeao.pt\/pt-pt\/porque-a-cortica\/\">\n\t\tPorqu\u00ea a corti\u00e7a?\t<\/a>\n<\/h5>\n\t\t<p itemprop=\"description\" class=\"qodef-e-excerpt\">\n\t\t\tUm mundo onde a natureza e a tecnologia coexistem harmoniosa\t\t<\/p>\n\t\t\t\t<\/div>\n\t\t\t\t\t<\/div>\n\t<\/div>\n<\/article>\n<article class=\"qodef-e qodef-blog-item qodef-grid-item qodef-item--full post-16138 post type-post status-publish format-standard has-post-thumbnail hentry category-sustentabilidade\">\n\t<div class=\"qodef-e-inner\">\n\t\t<div class=\"qodef-e-media-holder\">\n\t\t\t<div class=\"qodef-e-media\">\n\t\t<div class=\"qodef-e-media-image\">\n\t\t<a itemprop=\"url\" href=\"https:\/\/montemeao.pt\/pt-pt\/e-se-pudessemos-vislumbrar-o-amanha\/\">\n\t\t\t<img loading=\"lazy\" decoding=\"async\" width=\"600\" height=\"415\" src=\"https:\/\/montemeao.pt\/wp-content\/uploads\/2024\/09\/e-se-Imagem-destaque.webp\" class=\"attachment-full size-full\" alt=\"e se\" srcset=\"https:\/\/montemeao.pt\/wp-content\/uploads\/2024\/09\/e-se-Imagem-destaque.webp 600w, https:\/\/montemeao.pt\/wp-content\/uploads\/2024\/09\/e-se-Imagem-destaque-300x208.webp 300w, https:\/\/montemeao.pt\/wp-content\/uploads\/2024\/09\/e-se-Imagem-destaque-145x100.webp 145w\" sizes=\"(max-width: 600px) 100vw, 600px\" \/>\t\t<\/a>\n\t\t\t<\/div>\n<\/div>\n<div itemprop=\"dateCreated\" class=\"qodef-e-info-item qodef-e-info-date entry-date \">\n\t<a itemprop=\"url\" href=\"https:\/\/montemeao.pt\/pt-pt\/2024\/09\/\">\n\t\t18 Set\t<\/a>\n<\/div>\n\t\t<\/div>\n\t\t<div class=\"qodef-e-content\">\n\t\t\t\t\t\t\t<div class=\"qodef-e-info qodef-info--top\">\n\t\t\t\t\t<div class=\"qodef-e-info-item qodef-e-info-category\">\n\t\t<a href=\"https:\/\/montemeao.pt\/pt-pt\/categoria\/sustentabilidade\/\" rel=\"category tag\">Sustentabilidade<\/a><\/div>\n\t\t\t\t<\/div>\n\t\t\t\t\t\t<div class=\"qodef-e-text\">\n\t\t\t\t<h5 itemprop=\"name\" class=\"qodef-e-title entry-title\">\n\t<a itemprop=\"url\" class=\"qodef-e-title-link\" href=\"https:\/\/montemeao.pt\/pt-pt\/e-se-pudessemos-vislumbrar-o-amanha\/\">\n\t\tE se pud\u00e9ssemos vislumbrar o amanh\u00e3?\t<\/a>\n<\/h5>\n\t\t<p itemprop=\"description\" class=\"qodef-e-excerpt\">\n\t\t\tVeja o nosso \u00faltimo v\u00eddeo e descubra o que est\u00e1 por vir.\t\t<\/p>\n\t\t\t\t<\/div>\n\t\t\t\t\t<\/div>\n\t<\/div>\n<\/article>\n<article class=\"qodef-e qodef-blog-item qodef-grid-item qodef-item--full post-15614 post type-post status-publish format-standard has-post-thumbnail hentry category-ferrovia\">\n\t<div class=\"qodef-e-inner\">\n\t\t<div class=\"qodef-e-media-holder\">\n\t\t\t<div class=\"qodef-e-media\">\n\t\t<div class=\"qodef-e-media-image\">\n\t\t<a itemprop=\"url\" href=\"https:\/\/montemeao.pt\/pt-pt\/inovacao-em-policarbonato\/\">\n\t\t\t<img loading=\"lazy\" decoding=\"async\" width=\"600\" height=\"415\" src=\"https:\/\/montemeao.pt\/wp-content\/uploads\/2024\/09\/naples-1.webp\" class=\"attachment-full size-full\" alt=\"Inova\u00e7\u00e3o em Policarbonato\" srcset=\"https:\/\/montemeao.pt\/wp-content\/uploads\/2024\/09\/naples-1.webp 600w, https:\/\/montemeao.pt\/wp-content\/uploads\/2024\/09\/naples-1-300x208.webp 300w, https:\/\/montemeao.pt\/wp-content\/uploads\/2024\/09\/naples-1-145x100.webp 145w\" sizes=\"(max-width: 600px) 100vw, 600px\" \/>\t\t<\/a>\n\t\t\t<\/div>\n<\/div>\n<div itemprop=\"dateCreated\" class=\"qodef-e-info-item qodef-e-info-date entry-date \">\n\t<a itemprop=\"url\" href=\"https:\/\/montemeao.pt\/pt-pt\/2024\/09\/\">\n\t\t15 Set\t<\/a>\n<\/div>\n\t\t<\/div>\n\t\t<div class=\"qodef-e-content\">\n\t\t\t\t\t\t\t<div class=\"qodef-e-info qodef-info--top\">\n\t\t\t\t\t<div class=\"qodef-e-info-item qodef-e-info-category\">\n\t\t<a href=\"https:\/\/montemeao.pt\/pt-pt\/categoria\/ferrovia\/\" rel=\"category tag\">Ferrovia<\/a><\/div>\n\t\t\t\t<\/div>\n\t\t\t\t\t\t<div class=\"qodef-e-text\">\n\t\t\t\t<h5 itemprop=\"name\" class=\"qodef-e-title entry-title\">\n\t<a itemprop=\"url\" class=\"qodef-e-title-link\" href=\"https:\/\/montemeao.pt\/pt-pt\/inovacao-em-policarbonato\/\">\n\t\tInova\u00e7\u00e3o em Policarbonato\t<\/a>\n<\/h5>\n\t\t<p itemprop=\"description\" class=\"qodef-e-excerpt\">\n\t\t\tDescubra as caracter\u00edsticas distintivas do Policarbonato.\t\t<\/p>\n\t\t\t\t<\/div>\n\t\t\t\t\t<\/div>\n\t<\/div>\n<\/article>\n<article class=\"qodef-e qodef-blog-item qodef-grid-item qodef-item--full post-2412 post type-post status-publish format-standard has-post-thumbnail hentry category-ferrovia\">\n\t<div class=\"qodef-e-inner\">\n\t\t<div class=\"qodef-e-media-holder\">\n\t\t\t<div class=\"qodef-e-media\">\n\t\t<div class=\"qodef-e-media-image\">\n\t\t<a itemprop=\"url\" href=\"https:\/\/montemeao.pt\/pt-pt\/ultimas-noticias\/\">\n\t\t\t<img loading=\"lazy\" decoding=\"async\" width=\"600\" height=\"415\" src=\"https:\/\/montemeao.pt\/wp-content\/uploads\/2024\/04\/Ultimas-noticias-imagem-destaque.webp\" class=\"attachment-full size-full\" alt=\"Latest news\" srcset=\"https:\/\/montemeao.pt\/wp-content\/uploads\/2024\/04\/Ultimas-noticias-imagem-destaque.webp 600w, https:\/\/montemeao.pt\/wp-content\/uploads\/2024\/04\/Ultimas-noticias-imagem-destaque-300x208.webp 300w, https:\/\/montemeao.pt\/wp-content\/uploads\/2024\/04\/Ultimas-noticias-imagem-destaque-145x100.webp 145w\" sizes=\"(max-width: 600px) 100vw, 600px\" \/>\t\t<\/a>\n\t\t\t<\/div>\n<\/div>\n<div itemprop=\"dateCreated\" class=\"qodef-e-info-item qodef-e-info-date entry-date \">\n\t<a itemprop=\"url\" href=\"https:\/\/montemeao.pt\/pt-pt\/2024\/04\/\">\n\t\t18 Abr\t<\/a>\n<\/div>\n\t\t<\/div>\n\t\t<div class=\"qodef-e-content\">\n\t\t\t\t\t\t\t<div class=\"qodef-e-info qodef-info--top\">\n\t\t\t\t\t<div class=\"qodef-e-info-item qodef-e-info-category\">\n\t\t<a href=\"https:\/\/montemeao.pt\/pt-pt\/categoria\/ferrovia\/\" rel=\"category tag\">Ferrovia<\/a><\/div>\n\t\t\t\t<\/div>\n\t\t\t\t\t\t<div class=\"qodef-e-text\">\n\t\t\t\t<h5 itemprop=\"name\" class=\"qodef-e-title entry-title\">\n\t<a itemprop=\"url\" class=\"qodef-e-title-link\" href=\"https:\/\/montemeao.pt\/pt-pt\/ultimas-noticias\/\">\n\t\t\u00daltimas not\u00edcias\t<\/a>\n<\/h5>\n\t\t<p itemprop=\"description\" class=\"qodef-e-excerpt\">\n\t\t\tCertifica\u00e7\u00e3o EN 17460, Renfe S114 e Produ\u00e7\u00e3o de Espumas.\t\t<\/p>\n\t\t\t\t<\/div>\n\t\t\t\t\t<\/div>\n\t<\/div>\n<\/article>\n\t<\/div>\n\t<\/div>\n\t\t\t\t<\/div>\n\t\t\t\t<\/div>\n\t\t\t\t<\/div>\n\t\t\t\t<\/div>\n\t\t\t\t<\/div>\n\t\t","protected":false},"excerpt":{"rendered":"<p>18 Abr Ferrovia \u00daltimas not\u00edcias Certifica\u00e7\u00e3o de Colagem de acordo com o EN 17460<\/p>\n","protected":false},"author":2,"featured_media":0,"parent":0,"menu_order":0,"comment_status":"closed","ping_status":"closed","template":"qi-blocks-full-width.php","meta":{"footnotes":""},"class_list":["post-785","page","type-page","status-publish","hentry"],"aioseo_notices":[],"_links":{"self":[{"href":"https:\/\/montemeao.pt\/pt-pt\/wp-json\/wp\/v2\/pages\/785","targetHints":{"allow":["GET"]}}],"collection":[{"href":"https:\/\/montemeao.pt\/pt-pt\/wp-json\/wp\/v2\/pages"}],"about":[{"href":"https:\/\/montemeao.pt\/pt-pt\/wp-json\/wp\/v2\/types\/page"}],"author":[{"embeddable":true,"href":"https:\/\/montemeao.pt\/pt-pt\/wp-json\/wp\/v2\/users\/2"}],"replies":[{"embeddable":true,"href":"https:\/\/montemeao.pt\/pt-pt\/wp-json\/wp\/v2\/comments?post=785"}],"version-history":[{"count":0,"href":"https:\/\/montemeao.pt\/pt-pt\/wp-json\/wp\/v2\/pages\/785\/revisions"}],"wp:attachment":[{"href":"https:\/\/montemeao.pt\/pt-pt\/wp-json\/wp\/v2\/media?parent=785"}],"curies":[{"name":"wp","href":"https:\/\/api.w.org\/{rel}","templated":true}]}}