{"id":3,"date":"2024-04-25T17:24:39","date_gmt":"2024-04-25T17:24:39","guid":{"rendered":"https:\/\/montemeao.pt\/?page_id=3"},"modified":"2024-09-20T22:33:04","modified_gmt":"2024-09-20T22:33:04","slug":"politica-de-privacidade","status":"publish","type":"page","link":"https:\/\/montemeao.pt\/pt-pt\/politica-de-privacidade\/","title":{"rendered":"Pol\u00edtica de privacidade"},"content":{"rendered":"\t\t<div data-elementor-type=\"wp-page\" data-elementor-id=\"3\" class=\"elementor elementor-3\">\n\t\t\t\t<div class=\"elementor-element elementor-element-5f151c09 cookies-content e-flex e-con-boxed qodef-elementor-content-no e-con e-parent\" data-id=\"5f151c09\" data-element_type=\"container\" data-e-type=\"container\">\n\t\t\t\t\t<div class=\"e-con-inner\">\n\t\t\t\t<div class=\"elementor-element elementor-element-52f61cb elementor-widget elementor-widget-heading\" data-id=\"52f61cb\" data-element_type=\"widget\" data-e-type=\"widget\" data-widget_type=\"heading.default\">\n\t\t\t\t<div class=\"elementor-widget-container\">\n\t\t\t\t\t<h1 class=\"elementor-heading-title elementor-size-default\">Pol\u00edtica de privacidade<\/h1>\t\t\t\t<\/div>\n\t\t\t\t<\/div>\n\t\t\t\t<div class=\"elementor-element elementor-element-6ed69380 elementor-widget elementor-widget-text-editor\" data-id=\"6ed69380\" data-element_type=\"widget\" data-e-type=\"widget\" data-widget_type=\"text-editor.default\">\n\t\t\t\t<div class=\"elementor-widget-container\">\n\t\t\t\t\t\t\t\t\t<h5>1. Introdu\u00e7\u00e3o<\/h5>\nEsta Pol\u00edtica de Privacidade explica como o Monte Me\u00e3o, situado na <a href=\"https:\/\/www.google.com\/maps\/place\/R.+do+Progresso+848\/@40.8650365,-8.4924218,17z\/data=!3m1!4b1!4m6!3m5!1s0xd238273aaa5ce11:0x56c2ce66147cee8!8m2!3d40.8650365!4d-8.4924218!16s%2Fg%2F11fhtyx8nf?entry=ttu&amp;g_ep=EgoyMDI0MDkxNi4wIKXMDSoASAFQAw%3D%3D\" target=\"_blank\" rel=\"noopener\">Rua do Progresso, N\u00ba 848, 3720-354 Vila de Cucuj\u00e3es<\/a>, com o n\u00famero de contribuinte 502808063, recolhe, utiliza e protege as informa\u00e7\u00f5es pessoais fornecidas pelos utilizadores atrav\u00e9s da nossa p\u00e1gina web.\n<h5><\/h5>\n<h5>2. Dados Coletados<\/h5>\nAo preencher nosso formul\u00e1rio, coletamos as seguintes informa\u00e7\u00f5es:\n\n&nbsp;\n<ul>\n \t<li>Nome<\/li>\n \t<li>Email<\/li>\n \t<li>Telefone<\/li>\n \t<li>Mensagem<\/li>\n<\/ul>\n<h5><\/h5>\n<h5>3. Finalidade da Coleta de Dados<\/h5>\nColeta de Dados Os dados coletados ser\u00e3o utilizados para:\n\n&nbsp;\n<ul>\n \t<li>Gerar leads interessados \u200b\u200bnos produtos e servi\u00e7os do Monte Me\u00e3o.<\/li>\n \t<li>Enviar newsletters e comunica\u00e7\u00f5es promocionais sobre nossos produtos e servi\u00e7os.<\/li>\n<\/ul>\n<h5><\/h5>\n<h5>4. Compartilhamento de dados<\/h5>\nOs dados pessoais coletados n\u00e3o ser\u00e3o compartilhados com terceiros.\n<h5><\/h5>\n<h5>5. Uso de Cookies<\/h5>\nNossa p\u00e1gina usa cookies para:\n\n&nbsp;\n<ul>\n \t<li>Analisar o tr\u00e1fego e o comportamento do usu\u00e1rio por meio do Google Analytics.<\/li>\n \t<li>Melhorar o desempenho do site e a experi\u00eancia do usu\u00e1rio.<\/li>\n<\/ul>\n<h5><\/h5>\n<h5>6. Direitos do usu\u00e1rio<\/h5>\nDe acordo com o Regulamento Geral de Prote\u00e7\u00e3o de Dados (RGPD), os usu\u00e1rios t\u00eam o direito de:\n\n&nbsp;\n<ul>\n \t<li>Acessar seus dados pessoais.<\/li>\n \t<li>Solicitar a corre\u00e7\u00e3o ou exclus\u00e3o de seus dados.<\/li>\n \t<li>Retirar o consentimento para o processamento de dados.<\/li>\n \t<li>Opor-se ao processamento de seus dados para fins de marketing direto.<\/li>\n<\/ul>\nPara exercer esses direitos, entre em contato conosco em:<a style=\"color: #0065a5;\" href=\"mailto:comercial@montemeao.pt\"> comercial@montemeao.pt.<\/a>\n<h5><\/h5>\n<h5>7. Armazenamento de dados<\/h5>\nOs dados ser\u00e3o armazenados pelo per\u00edodo necess\u00e1rio para cumprir as finalidades mencionadas ou at\u00e9 que o usu\u00e1rio solicite sua remo\u00e7\u00e3o.\n<h5><\/h5>\n<h5>8. Processamento de dados<\/h5>\nOs dados coletados s\u00e3o processados \u200b\u200be armazenados dentro da Uni\u00e3o Europeia, em conformidade com o GDPR.\n<h5><\/h5>\n<h5>9. Altera\u00e7\u00f5es na Pol\u00edtica de Privacidade<\/h5>\nPodemos atualizar esta Pol\u00edtica de Privacidade periodicamente. Recomendamos que voc\u00ea revise este documento regularmente para se manter informado sobre como protegemos suas informa\u00e7\u00f5es.\n<h5><\/h5>\n<h5>10. Contato<\/h5>\nSe voc\u00ea tiver alguma d\u00favida sobre esta Pol\u00edtica de Privacidade, entre em contato conosco em:\n<ul>\n \t<li>Telefone: +351 256 880 420<\/li>\n \t<li>E-mail: <a style=\"color: #0065a5;\" href=\"mailto:comercial@montemeao.pt\"> comercial@montemeao.pt.<\/a><\/li>\n<\/ul>\t\t\t\t\t\t\t\t<\/div>\n\t\t\t\t<\/div>\n\t\t\t\t\t<\/div>\n\t\t\t\t<\/div>\n\t\t\t\t<\/div>\n\t\t","protected":false},"excerpt":{"rendered":"<p>Pol\u00edtica de privacidade 1. Introdu\u00e7\u00e3o Esta Pol\u00edtica de Privacidade explica como o Monte Me\u00e3o, situado na Rua do Progresso, N\u00ba 848, 3720-354 Vila de Cucuj\u00e3es, com o n\u00famero de contribuinte 502808063, recolhe, utiliza e protege as informa\u00e7\u00f5es pessoais fornecidas pelos utilizadores atrav\u00e9s da nossa p\u00e1gina web. 2. Dados Coletados Ao preencher nosso formul\u00e1rio, coletamos as [&hellip;]<\/p>\n","protected":false},"author":2,"featured_media":0,"parent":0,"menu_order":0,"comment_status":"closed","ping_status":"closed","template":"","meta":{"footnotes":""},"class_list":["post-3","page","type-page","status-publish","hentry"],"aioseo_notices":[],"_links":{"self":[{"href":"https:\/\/montemeao.pt\/pt-pt\/wp-json\/wp\/v2\/pages\/3","targetHints":{"allow":["GET"]}}],"collection":[{"href":"https:\/\/montemeao.pt\/pt-pt\/wp-json\/wp\/v2\/pages"}],"about":[{"href":"https:\/\/montemeao.pt\/pt-pt\/wp-json\/wp\/v2\/types\/page"}],"author":[{"embeddable":true,"href":"https:\/\/montemeao.pt\/pt-pt\/wp-json\/wp\/v2\/users\/2"}],"replies":[{"embeddable":true,"href":"https:\/\/montemeao.pt\/pt-pt\/wp-json\/wp\/v2\/comments?post=3"}],"version-history":[{"count":0,"href":"https:\/\/montemeao.pt\/pt-pt\/wp-json\/wp\/v2\/pages\/3\/revisions"}],"wp:attachment":[{"href":"https:\/\/montemeao.pt\/pt-pt\/wp-json\/wp\/v2\/media?parent=3"}],"curies":[{"name":"wp","href":"https:\/\/api.w.org\/{rel}","templated":true}]}}