{"id":15707,"date":"2024-09-15T19:54:48","date_gmt":"2024-09-15T19:54:48","guid":{"rendered":"https:\/\/montemeao.pt\/?page_id=15707"},"modified":"2024-09-20T22:32:04","modified_gmt":"2024-09-20T22:32:04","slug":"termos-e-condicoes","status":"publish","type":"page","link":"https:\/\/montemeao.pt\/pt-pt\/termos-e-condicoes\/","title":{"rendered":"Termos e condi\u00e7\u00f5es"},"content":{"rendered":"\t\t<div data-elementor-type=\"wp-page\" data-elementor-id=\"15707\" class=\"elementor elementor-15707\">\n\t\t\t\t<div class=\"elementor-element elementor-element-03f0dd2 cookies-content e-flex e-con-boxed qodef-elementor-content-no e-con e-parent\" data-id=\"03f0dd2\" data-element_type=\"container\" data-e-type=\"container\">\n\t\t\t\t\t<div class=\"e-con-inner\">\n\t\t\t\t<div class=\"elementor-element elementor-element-57b471b elementor-widget elementor-widget-heading\" data-id=\"57b471b\" data-element_type=\"widget\" data-e-type=\"widget\" data-widget_type=\"heading.default\">\n\t\t\t\t<div class=\"elementor-widget-container\">\n\t\t\t\t\t<h1 class=\"elementor-heading-title elementor-size-default\">Termos e condi\u00e7oes<\/h1>\t\t\t\t<\/div>\n\t\t\t\t<\/div>\n\t\t\t\t<div class=\"elementor-element elementor-element-17920a8 elementor-widget elementor-widget-text-editor\" data-id=\"17920a8\" data-element_type=\"widget\" data-e-type=\"widget\" data-widget_type=\"text-editor.default\">\n\t\t\t\t<div class=\"elementor-widget-container\">\n\t\t\t\t\t\t\t\t\t<h5>1. Aceita\u00e7\u00e3o dos Termos<\/h5>\nAo utilizar esta p\u00e1gina web, o usu\u00e1rio concorda com estes Termos e Condi\u00e7\u00f5es. Caso n\u00e3o concorde, dever\u00e1 abster-se de utilizar a p\u00e1gina web.\n<h5>2. Uso da p\u00e1gina web<\/h5>\nA p\u00e1gina web destina-se \u00e0 promo\u00e7\u00e3o dos produtos e servi\u00e7os do Monte Me\u00e3o. Qualquer uso indevido da p\u00e1gina web \u00e9 proibido.\n<h5>3. Conte\u00fado e Propriedade Intelectual<\/h5>\nTodo o conte\u00fado desta p\u00e1gina web, incluindo textos, imagens e v\u00eddeos, \u00e9 propriedade do Monte Me\u00e3o ou dos seus parceiros e est\u00e1 protegido por direitos de autor e outras leis aplic\u00e1veis.\n<h5>4. Formul\u00e1rio de contato<\/h5>\nO usu\u00e1rio \u00e9 respons\u00e1vel por fornecer informa\u00e7\u00f5es precisas e verdadeiras no preenchimento do formul\u00e1rio. O Monte Me\u00e3o reserva-se o direito de contactar os utilizadores atrav\u00e9s dos dados fornecidos.\n<h5>5. Uso de Cookies<\/h5>\nA p\u00e1gina de destino usa cookies para melhorar a experi\u00eancia do usu\u00e1rio e analisar o tr\u00e1fego do site. Ao continuar a utilizar a p\u00e1gina, o utilizador concorda com a utiliza\u00e7\u00e3o de cookies.\n<h5>6. Limita\u00e7\u00e3o de responsabilidade<\/h5>\nO Monte Me\u00e3o n\u00e3o se responsabiliza por quaisquer danos diretos ou indiretos resultantes da utiliza\u00e7\u00e3o ou impossibilidade de utiliza\u00e7\u00e3o desta p\u00e1gina web.\n<h5>7. Altera\u00e7\u00f5es nos Termos e Condi\u00e7\u00f5es<\/h5>\nO Monte Me\u00e3o reserva-se o direito de modificar estes Termos e Condi\u00e7\u00f5es a qualquer momento, sendo as altera\u00e7\u00f5es publicadas nesta p\u00e1gina web.\n<h5>8. Lei Aplic\u00e1vel<\/h5>\nOs presentes Termos e Condi\u00e7\u00f5es regem-se pela lei portuguesa. Quaisquer lit\u00edgios ser\u00e3o submetidos \u00e0 jurisdi\u00e7\u00e3o exclusiva dos tribunais portugueses.\n<h5>9. Contacto<\/h5>\nPara quest\u00f5es relacionadas com estes Termos e Condi\u00e7\u00f5es, por favor contacte-nos em:\n<ul>\n \t<li>Telefone: +351 256 880 420<\/li>\n \t<li>E-mail: <a style=\"color: #0065a5;\" href=\"mailto:comercial@montemeao.pt\">comercial@montemeao.pt<\/a><\/li>\n<\/ul>\t\t\t\t\t\t\t\t<\/div>\n\t\t\t\t<\/div>\n\t\t\t\t\t<\/div>\n\t\t\t\t<\/div>\n\t\t\t\t<\/div>\n\t\t","protected":false},"excerpt":{"rendered":"<p>Termos e condi\u00e7oes 1. Aceita\u00e7\u00e3o dos Termos Ao utilizar esta p\u00e1gina web, o usu\u00e1rio concorda com estes Termos e Condi\u00e7\u00f5es. Caso n\u00e3o concorde, dever\u00e1 abster-se de utilizar a p\u00e1gina web. 2. Uso da p\u00e1gina web A p\u00e1gina web destina-se \u00e0 promo\u00e7\u00e3o dos produtos e servi\u00e7os do Monte Me\u00e3o. Qualquer uso indevido da p\u00e1gina web \u00e9 [&hellip;]<\/p>\n","protected":false},"author":2,"featured_media":0,"parent":0,"menu_order":0,"comment_status":"closed","ping_status":"closed","template":"","meta":{"footnotes":""},"class_list":["post-15707","page","type-page","status-publish","hentry"],"aioseo_notices":[],"_links":{"self":[{"href":"https:\/\/montemeao.pt\/pt-pt\/wp-json\/wp\/v2\/pages\/15707","targetHints":{"allow":["GET"]}}],"collection":[{"href":"https:\/\/montemeao.pt\/pt-pt\/wp-json\/wp\/v2\/pages"}],"about":[{"href":"https:\/\/montemeao.pt\/pt-pt\/wp-json\/wp\/v2\/types\/page"}],"author":[{"embeddable":true,"href":"https:\/\/montemeao.pt\/pt-pt\/wp-json\/wp\/v2\/users\/2"}],"replies":[{"embeddable":true,"href":"https:\/\/montemeao.pt\/pt-pt\/wp-json\/wp\/v2\/comments?post=15707"}],"version-history":[{"count":0,"href":"https:\/\/montemeao.pt\/pt-pt\/wp-json\/wp\/v2\/pages\/15707\/revisions"}],"wp:attachment":[{"href":"https:\/\/montemeao.pt\/pt-pt\/wp-json\/wp\/v2\/media?parent=15707"}],"curies":[{"name":"wp","href":"https:\/\/api.w.org\/{rel}","templated":true}]}}